{"id":70,"date":"2021-07-23T22:02:07","date_gmt":"2021-07-23T22:02:07","guid":{"rendered":"https:\/\/xn--wellnessfrdiefrau-b3b.de\/willkommen-auf-https-xn-wellnessfrdiefrau-b3b-de"},"modified":"2021-07-23T22:02:07","modified_gmt":"2021-07-23T22:02:07","slug":"willkommen-auf-https-xn-wellnessfrdiefrau-b3b-de","status":"publish","type":"page","link":"https:\/\/xn--wellnessfrdiefrau-b3b.de\/","title":{"rendered":"Herzlich Willkommen"},"content":{"rendered":"\n<div class=\"wp-block-image\"><figure class=\"aligncenter size-large\"><img loading=\"lazy\" decoding=\"async\" width=\"1024\" height=\"490\" src=\"https:\/\/xn--wellnessfrdiefrau-b3b.de\/wp-content\/uploads\/2021\/07\/screenshot_49-1024x490.png\" alt=\"\" class=\"wp-image-15\" srcset=\"https:\/\/xn--wellnessfrdiefrau-b3b.de\/wp-content\/uploads\/2021\/07\/screenshot_49-1024x490.png 1024w, https:\/\/xn--wellnessfrdiefrau-b3b.de\/wp-content\/uploads\/2021\/07\/screenshot_49-300x144.png 300w, https:\/\/xn--wellnessfrdiefrau-b3b.de\/wp-content\/uploads\/2021\/07\/screenshot_49-768x368.png 768w, https:\/\/xn--wellnessfrdiefrau-b3b.de\/wp-content\/uploads\/2021\/07\/screenshot_49.png 1124w\" sizes=\"auto, (max-width: 1024px) 100vw, 1024px\" \/><\/figure><\/div>\n\n\n\n<p class=\"has-text-align-center\">Genie\u00dfen Sie\u00a0eine unvergessliche Auszeit und lassen Sie sich mit meinen Wohlf\u00fchl-Massagen verw\u00f6hnen.\u00a0<br>Tauchen Sie ein in die Welt der Entspannung und des Loslassens, hinein in ein positives K\u00f6rpergef\u00fchl.<br>Seit 2005 begleite ich meine Kunden bereits gerne bei der Pflege und Entspannung von Gesicht und K\u00f6rper, mit hochwertigen Aloe Vera Produkten.<br>Seit 2019\u00a0verzaubere ich Sie mit verschiedenen Wellness-Massagen\u00a0<\/p>\n\n\n\n<p><\/p>\n\n\n\n<p class=\"has-text-align-center\"> Bei Fragen oder Behandlungsanfragen k\u00f6nnen Sie mich wie folgt erreichen<br>Telefon: 0171 \u2013 821 82 87* (Mo-Fr ab 13Uhr)\u00a0<br>E-Mail an info@wellnessfuerdiefrau.de\u00a0<br>*Es entstehen Kosten gem\u00e4\u00df Ihres Anbieters zu Mobilfunkrufnummern <\/p>\n","protected":false},"excerpt":{"rendered":"<p>Genie\u00dfen Sie\u00a0eine unvergessliche Auszeit und lassen Sie sich mit meinen Wohlf\u00fchl-Massagen verw\u00f6hnen.\u00a0Tauchen Sie ein in die Welt der Entspannung und des Loslassens, hinein in ein positives K\u00f6rpergef\u00fchl.Seit 2005 begleite ich meine Kunden bereits gerne bei der Pflege und Entspannung von Gesicht und K\u00f6rper, mit hochwertigen Aloe Vera Produkten.Seit 2019\u00a0verzaubere ich Sie mit verschiedenen Wellness-Massagen\u00a0 Bei [&hellip;]<\/p>\n","protected":false},"author":2,"featured_media":0,"parent":0,"menu_order":0,"comment_status":"closed","ping_status":"closed","template":"","meta":{"footnotes":""},"class_list":["post-70","page","type-page","status-publish","hentry","post"],"_links":{"self":[{"href":"https:\/\/xn--wellnessfrdiefrau-b3b.de\/index.php?rest_route=\/wp\/v2\/pages\/70","targetHints":{"allow":["GET"]}}],"collection":[{"href":"https:\/\/xn--wellnessfrdiefrau-b3b.de\/index.php?rest_route=\/wp\/v2\/pages"}],"about":[{"href":"https:\/\/xn--wellnessfrdiefrau-b3b.de\/index.php?rest_route=\/wp\/v2\/types\/page"}],"author":[{"embeddable":true,"href":"https:\/\/xn--wellnessfrdiefrau-b3b.de\/index.php?rest_route=\/wp\/v2\/users\/2"}],"replies":[{"embeddable":true,"href":"https:\/\/xn--wellnessfrdiefrau-b3b.de\/index.php?rest_route=%2Fwp%2Fv2%2Fcomments&post=70"}],"version-history":[{"count":1,"href":"https:\/\/xn--wellnessfrdiefrau-b3b.de\/index.php?rest_route=\/wp\/v2\/pages\/70\/revisions"}],"predecessor-version":[{"id":99,"href":"https:\/\/xn--wellnessfrdiefrau-b3b.de\/index.php?rest_route=\/wp\/v2\/pages\/70\/revisions\/99"}],"wp:attachment":[{"href":"https:\/\/xn--wellnessfrdiefrau-b3b.de\/index.php?rest_route=%2Fwp%2Fv2%2Fmedia&parent=70"}],"curies":[{"name":"wp","href":"https:\/\/api.w.org\/{rel}","templated":true}]}}